{"id":481,"date":"2025-07-08T14:12:35","date_gmt":"2025-07-08T12:12:35","guid":{"rendered":"https:\/\/beta.digital-gravity.de\/beta\/physiofunktion\/?page_id=481"},"modified":"2025-10-10T11:13:11","modified_gmt":"2025-10-10T09:13:11","slug":"philosophie-2","status":"publish","type":"page","link":"https:\/\/beta.digital-gravity.de\/beta\/physiofunktion\/philosophie-2\/","title":{"rendered":"Philosophie"},"content":{"rendered":"\n<div style=\"height:100px\" aria-hidden=\"true\" class=\"wp-block-spacer grid__cell--xxs-hidden grid__cell--xs-hidden grid__cell--s-hidden\"><\/div>\n\n\n<div class=\"wrap wrap--guttered maxwidth maxwidth--l\">\n    <div class=\"grid__cell\">\n        \n\n<div class=\"wp-block-group is-nowrap is-layout-flex wp-container-core-group-is-layout-ad2f72ca wp-block-group-is-layout-flex\">\n<div class=\"wp-block-columns is-layout-flex wp-container-core-columns-is-layout-9d6595d7 wp-block-columns-is-layout-flex\">\n<div class=\"wp-block-column is-layout-flow wp-block-column-is-layout-flow\" data-aos=\"fade-right\">\n<h6 class=\"wp-block-heading\">Philosophie<\/h6>\n\n\n\n<h1 class=\"wp-block-heading\">6 S\u00e4ulen <span class=\"hl-thin\">f\u00fcr ihre<\/span><span class=\"spot-color\"> Gesundheit<\/span><\/h1>\n\n\n\n<figure class=\"wp-block-image size-full\"><img loading=\"lazy\" decoding=\"async\" width=\"557\" height=\"274\" src=\"https:\/\/beta.digital-gravity.de\/beta\/physiofunktion\/wp-content\/uploads\/2025\/07\/sechs_saeulen.png\" alt=\"\" class=\"wp-image-487\" srcset=\"https:\/\/beta.digital-gravity.de\/beta\/physiofunktion\/wp-content\/uploads\/2025\/07\/sechs_saeulen.png 557w, https:\/\/beta.digital-gravity.de\/beta\/physiofunktion\/wp-content\/uploads\/2025\/07\/sechs_saeulen-300x148.png 300w\" sizes=\"auto, (max-width: 557px) 100vw, 557px\" \/><\/figure>\n<\/div>\n\n\n\n<div class=\"wp-block-column is-layout-flow wp-block-column-is-layout-flow\" data-aos=\"fade-left\">\n<p class=\"statement\">Gesundheit ruht auf vielen S\u00e4ulen \u2013 Ern\u00e4hrung, Schlaf, Stressbew\u00e4ltigung, soziale Beziehungen, Bewegung und ein intaktes Nervensystem. All diese Bereiche sind wichtig und bilden die 6 S\u00e4ulen der Gesundheit.&nbsp;<\/p>\n\n\n\n<p>Doch die Grundlage, auf der vieles aufbaut, ist und bleibt Bewegung. Entscheidend ist jedoch nicht nur, dass wir uns bewegen, sondern wie wir uns bewegen. Nur korrekt ausgef\u00fchrte Bewegungen entfalten ihr volles Potenzial f\u00fcr Stabilit\u00e4t, Kraft und Schmerzfreiheit.<\/p>\n\n\n\n<p>Eine Schl\u00fcsselrolle spielt dabei die Wirbels\u00e4ule. Sie ist nicht nur das Zentrum unserer Statik, sondern auch der Schutzraum f\u00fcr das Nervensystem &#8211; das Steuerzentrum des gesamten K\u00f6rpers. Finden hier Funktionsst\u00f6rungen statt, leidet die Kommunikation zwischen Gehirn und K\u00f6rper.&nbsp;<\/p>\n\n\n\n<p>Ein anschauliches Bild: Eine Mutter l\u00e4sst sich nur dann festziehen, wenn der Schraubenschl\u00fcssel richtig ansetzt. Ist er verkantet, kann man drehen so viel man will \u2013 es bringt nichts. Im Gegenteil: Meist macht man das Problem damit schlimmer. Genauso ist es mit Bewegung: Nur wenn sie richtig \u201esitzt\u201c, bringt sie nachhaltigen Erfolg.<\/p>\n\n\n\n<p>Genau hier setzen wir an. Mit der Kombination aus Chiropraktik, Physiotherapie und Training sorgen wir daf\u00fcr, dass sich Ihr K\u00f6rper optimal bewegen kann \u2013 frei von Schmerzen und Blockaden, mit der richtigen Ausrichtung und begleitet durch gezieltes Training.<\/p>\n\n\n\n<p>Unser Motto bringt es auf den Punkt:<br>\u201eBewegen ist gut. Gut bewegen ist besser.\u201c<\/p>\n\n\n\n<p>Wir m\u00f6chten Sie dabei unterst\u00fctzen, Bewegung als Schl\u00fcssel f\u00fcr mehr Lebensqualit\u00e4t, Leistungsf\u00e4higkeit und Gesundheit zu nutzen \u2013 heute und langfristig.<\/p>\n<\/div>\n<\/div>\n<\/div>\n\n\n    <\/div>\n<\/div>\n\n\n<div style=\"height:100px\" aria-hidden=\"true\" class=\"wp-block-spacer\"><\/div>\n\n\n\n<div style=\"height:100px\" aria-hidden=\"true\" class=\"wp-block-spacer grid__cell--xxs-hidden grid__cell--xs-hidden grid__cell--s-hidden\"><\/div>\n\n\n<div class=\"wrap wrap--guttered wrap--overflow wrap--overflow--l fade-No\">\n    <div class=\"grid-cell\">\n\n<div class=\"wp-block-group content-related is-content-justification-left is-nowrap is-layout-flex wp-container-core-group-is-layout-f56a869c wp-block-group-is-layout-flex\">\n<div class=\"wp-block-columns is-layout-flex wp-container-core-columns-is-layout-9d6595d7 wp-block-columns-is-layout-flex\">\n<div class=\"wp-block-column overflow-aside is-layout-flow wp-block-column-is-layout-flow\"><\/div>\n\n\n\n<div class=\"wp-block-column grid__cell grid__cell--l-1-2 is-layout-flow wp-block-column-is-layout-flow\"><div class=\"overflow--img image-parallax_No\" style=\"background-image: url('https:\/\/beta.digital-gravity.de\/beta\/physiofunktion\/wp-content\/uploads\/2025\/09\/physio3142-1.jpg');height: 270px\"><\/div><\/div>\n\n\n\n<div class=\"wp-block-column grid__cell grid__cell--l-1-2 is-layout-flow wp-block-column-is-layout-flow\" data-aos=\"fade-left\">\n<h6 class=\"wp-block-heading\">Unsere Leistungen<\/h6>\n\n\n\n<h2 class=\"wp-block-heading\">Welche Leistung ist f\u00fcr mich <span class=\"spot-color\">die richtige<\/span><\/h2>\n\n\n\n<p>In unserer Praxis betrachten wir Gesundheit als ein Zusammenspiel verschiedener Aspekte, insgesamt 6 S\u00e4ulen, die das Wohlbefinden f\u00f6rdern. Jede S\u00e4ule spielt eine wichtige Rolle f\u00fcr die langfristige Gesundheit.<\/p>\n\n\n\n<div class=\"wp-block-buttons is-layout-flex wp-block-buttons-is-layout-flex\">\n<div class=\"wp-block-button\"><a class=\"wp-block-button__link wp-element-button\" href=\"https:\/\/beta.digital-gravity.de\/beta\/physiofunktion\/leistungen\/\">Mehr erfahren<\/a><\/div>\n<\/div>\n<\/div>\n\n\n\n<div class=\"wp-block-column overflow-aside is-layout-flow wp-block-column-is-layout-flow\"><\/div>\n<\/div>\n<\/div>\n\n\n\n<div class=\"wp-block-group content-related is-content-justification-left is-nowrap is-layout-flex wp-container-core-group-is-layout-f56a869c wp-block-group-is-layout-flex\">\n<div class=\"wp-block-columns is-layout-flex wp-container-core-columns-is-layout-9d6595d7 wp-block-columns-is-layout-flex\">\n<div class=\"wp-block-column overflow-aside is-layout-flow wp-block-column-is-layout-flow\"><\/div>\n\n\n\n<div class=\"wp-block-column grid__cell grid__cell--l-1-2 is-layout-flow wp-block-column-is-layout-flow\" data-aos=\"fade-right\">\n<h6 class=\"wp-block-heading\">Ihre Anfrage<\/h6>\n\n\n\n<h2 class=\"wp-block-heading\">Wie k\u00f6nnen wir Ihnen<span class=\"spot-color\"> helfen?<\/span><\/h2>\n\n\n\n<div class=\"wp-block-buttons is-layout-flex wp-block-buttons-is-layout-flex\">\n<div class=\"wp-block-button\"><a class=\"wp-block-button__link wp-element-button\" href=\"https:\/\/beta.digital-gravity.de\/beta\/physiofunktion\/#kontakt\">Termin anfragen<\/a><\/div>\n<\/div>\n\n\n\n<div style=\"height:10px;width:0px\" aria-hidden=\"true\" class=\"wp-block-spacer\"><\/div>\n<\/div>\n\n\n\n<div class=\"wp-block-column grid__cell grid__cell--l-1-2 is-layout-flow wp-block-column-is-layout-flow\"><div class=\"overflow--img image-parallax_No\" style=\"background-image: url('https:\/\/beta.digital-gravity.de\/beta\/physiofunktion\/wp-content\/uploads\/2025\/09\/physio2255.jpg');height: 270px\"><\/div><\/div>\n\n\n\n<div class=\"wp-block-column overflow-aside is-layout-flow wp-block-column-is-layout-flow\"><\/div>\n<\/div>\n<\/div>\n\n<\/div>\n<\/div>","protected":false},"excerpt":{"rendered":"","protected":false},"author":1,"featured_media":0,"parent":0,"menu_order":0,"comment_status":"closed","ping_status":"closed","template":"","meta":{"inline_featured_image":false,"footnotes":""},"class_list":["post-481","page","type-page","status-publish","hentry"],"_links":{"self":[{"href":"https:\/\/beta.digital-gravity.de\/beta\/physiofunktion\/wp-json\/wp\/v2\/pages\/481","targetHints":{"allow":["GET"]}}],"collection":[{"href":"https:\/\/beta.digital-gravity.de\/beta\/physiofunktion\/wp-json\/wp\/v2\/pages"}],"about":[{"href":"https:\/\/beta.digital-gravity.de\/beta\/physiofunktion\/wp-json\/wp\/v2\/types\/page"}],"author":[{"embeddable":true,"href":"https:\/\/beta.digital-gravity.de\/beta\/physiofunktion\/wp-json\/wp\/v2\/users\/1"}],"replies":[{"embeddable":true,"href":"https:\/\/beta.digital-gravity.de\/beta\/physiofunktion\/wp-json\/wp\/v2\/comments?post=481"}],"version-history":[{"count":53,"href":"https:\/\/beta.digital-gravity.de\/beta\/physiofunktion\/wp-json\/wp\/v2\/pages\/481\/revisions"}],"predecessor-version":[{"id":816,"href":"https:\/\/beta.digital-gravity.de\/beta\/physiofunktion\/wp-json\/wp\/v2\/pages\/481\/revisions\/816"}],"wp:attachment":[{"href":"https:\/\/beta.digital-gravity.de\/beta\/physiofunktion\/wp-json\/wp\/v2\/media?parent=481"}],"curies":[{"name":"wp","href":"https:\/\/api.w.org\/{rel}","templated":true}]}}